{"id":43,"date":"2024-03-25T02:45:42","date_gmt":"2024-03-25T02:45:42","guid":{"rendered":"https:\/\/demo2wpopal.b-cdn.net\/rebuilto\/?page_id=43"},"modified":"2025-03-27T20:42:59","modified_gmt":"2025-03-27T20:42:59","slug":"vision-values","status":"publish","type":"page","link":"https:\/\/alphaindustrieservice.de\/?page_id=43","title":{"rendered":"Datenschutz"},"content":{"rendered":"\t\t<div data-elementor-type=\"wp-page\" data-elementor-id=\"43\" class=\"elementor elementor-43\">\n\t\t\t\t<div class=\"elementor-element elementor-element-4934c08 e-flex e-con-boxed e-con e-parent\" data-id=\"4934c08\" data-element_type=\"container\">\n\t\t\t\t\t<div class=\"e-con-inner\">\n\t\t\t\t<div class=\"elementor-element elementor-element-6347d37 elementor-widget elementor-widget-text-editor\" data-id=\"6347d37\" data-element_type=\"widget\" data-widget_type=\"text-editor.default\">\n\t\t\t\t<div class=\"elementor-widget-container\">\n\t\t\t\t\t\t\t\t\t<p><strong>Datenschutzerkl\u00e4rung der Alpha Industrieservice GmbH<\/strong><\/p><p><strong>1. Allgemeine Hinweise und Pflichtinformationen<\/strong><\/p><p>Der Schutz Ihrer pers\u00f6nlichen Daten ist uns ein besonderes Anliegen. Wir behandeln Ihre personenbezogenen Daten vertraulich und entsprechend den gesetzlichen Datenschutzvorschriften sowie dieser Datenschutzerkl\u00e4rung.<\/p><p><strong>Verantwortliche Stelle:<\/strong> Alpha Industrieservice GmbH Albertstra\u00dfe 5 67227 Frankenthal Telefon: +49 6233 1210108 E-Mail: <a href=\"mailto:info@alphaindustrieservice.de\">info@alphaindustrieservice.de<\/a><\/p><p><strong>2. Erhebung und Speicherung personenbezogener Daten sowie Art und Zweck ihrer Verwendung<\/strong><\/p><p>Wir erheben und verwenden Ihre personenbezogenen Daten nur, soweit dies zur Bereitstellung einer funktionsf\u00e4higen Webseite sowie unserer Inhalte und Leistungen erforderlich ist.<\/p><p><strong>a) Beim Besuch der Website<\/strong> Beim Aufrufen unserer Webseite werden durch den auf Ihrem Endger\u00e4t zum Einsatz kommenden Browser automatisch Informationen an den Server unserer Webseite gesendet. Diese Informationen werden tempor\u00e4r in einem sogenannten Logfile gespeichert. Folgende Informationen werden dabei ohne Ihr Zutun erfasst und bis zur automatisierten L\u00f6schung gespeichert:<\/p><ul><li><p>IP-Adresse des anfragenden Rechners,<\/p><\/li><li><p>Datum und Uhrzeit des Zugriffs,<\/p><\/li><li><p>Name und URL der abgerufenen Datei,<\/p><\/li><li><p>Website, von der aus der Zugriff erfolgt (Referrer-URL),<\/p><\/li><li><p>verwendeter Browser und ggf. das Betriebssystem Ihres Rechners sowie der Name Ihres Access-Providers. Die genannten Daten werden durch uns zu folgenden Zwecken verarbeitet:<\/p><\/li><li><p>Gew\u00e4hrleistung eines reibungslosen Verbindungsaufbaus der Website,<\/p><\/li><li><p>Gew\u00e4hrleistung einer komfortablen Nutzung unserer Website,<\/p><\/li><li><p>Auswertung der Systemsicherheit und -stabilit\u00e4t sowie<\/p><\/li><li><p>zu weiteren administrativen Zwecken.<\/p><\/li><\/ul><p>Die Rechtsgrundlage f\u00fcr die Datenverarbeitung ist Art. 6 Abs. 1 S. 1 lit. f DSGVO.<\/p><p><strong>b) Bei der Nutzung unseres Kontaktformulars<\/strong> Wenn Sie uns per Kontaktformular Anfragen zukommen lassen, werden Ihre Angaben aus dem Anfrageformular inklusive der von Ihnen dort angegebenen Kontaktdaten zwecks Bearbeitung der Anfrage und f\u00fcr den Fall von Anschlussfragen bei uns gespeichert. Diese Daten geben wir nicht ohne Ihre Einwilligung weiter.<\/p><p>Die Verarbeitung dieser Daten erfolgt auf Grundlage von Art. 6 Abs. 1 lit. b DSGVO.<\/p><p><strong>3. Weitergabe von Daten<\/strong> Eine \u00dcbermittlung Ihrer pers\u00f6nlichen Daten an Dritte zu anderen als den im Folgenden aufgef\u00fchrten Zwecken findet nicht statt. Wir geben Ihre pers\u00f6nlichen Daten nur an Dritte weiter, wenn:<\/p><ul><li><p>Sie Ihre ausdr\u00fcckliche Einwilligung dazu erteilt haben (Art. 6 Abs. 1 lit. a DSGVO),<\/p><\/li><li><p>die Weitergabe nach Art. 6 Abs. 1 lit. f DSGVO zur Wahrung unserer berechtigten Interessen erforderlich ist und kein Grund zur Annahme besteht, dass Sie ein \u00fcberwiegendes schutzw\u00fcrdiges Interesse an der Nichtweitergabe Ihrer Daten haben,<\/p><\/li><li><p>f\u00fcr die Weitergabe eine gesetzliche Verpflichtung besteht (Art. 6 Abs. 1 lit. c DSGVO), oder<\/p><\/li><li><p>dies gesetzlich zul\u00e4ssig und f\u00fcr die Abwicklung von Vertragsverh\u00e4ltnissen mit Ihnen erforderlich ist (Art. 6 Abs. 1 lit. b DSGVO).<\/p><\/li><\/ul><p><strong>4. Cookies<\/strong> Unsere Webseite verwendet Cookies. Cookies sind kleine Textdateien, die auf Ihrem Endger\u00e4t gespeichert werden und bestimmte Informationen enthalten. Sie dienen dazu, unser Angebot nutzerfreundlicher, effektiver und sicherer zu machen.<\/p><p>Die meisten der von uns verwendeten Cookies sind sogenannte &#8222;Session-Cookies&#8220;. Sie werden nach Ende Ihres Besuchs automatisch gel\u00f6scht. Andere Cookies bleiben auf Ihrem Endger\u00e4t gespeichert, bis Sie diese l\u00f6schen. Diese Cookies erm\u00f6glichen es uns, Ihren Browser beim n\u00e4chsten Besuch wiederzuerkennen.<\/p><p>Sie k\u00f6nnen Ihren Browser so einstellen, dass Sie \u00fcber das Setzen von Cookies informiert werden und Cookies nur im Einzelfall erlauben, die Annahme von Cookies f\u00fcr bestimmte F\u00e4lle oder generell ausschlie\u00dfen sowie das automatische L\u00f6schen der Cookies beim Schlie\u00dfen des Browsers aktivieren. Bei der Deaktivierung von Cookies kann die Funktionalit\u00e4t dieser Website eingeschr\u00e4nkt sein.<\/p><p><strong>5. Betroffenenrechte<\/strong> Sie haben das Recht:<\/p><ul><li><p>Gem\u00e4\u00df Art. 15 DSGVO Auskunft \u00fcber Ihre von uns verarbeiteten personenbezogenen Daten zu verlangen.<\/p><\/li><li><p>Gem\u00e4\u00df Art. 16 DSGVO unverz\u00fcglich die Berichtigung unrichtiger oder Vervollst\u00e4ndigung Ihrer bei uns gespeicherten personenbezogenen Daten zu verlangen.<\/p><\/li><li><p>Gem\u00e4\u00df Art. 17 DSGVO die L\u00f6schung Ihrer bei uns gespeicherten personenbezogenen Daten zu verlangen, soweit nicht die Verarbeitung zur Erf\u00fcllung einer rechtlichen Verpflichtung erforderlich ist.<\/p><\/li><li><p>Gem\u00e4\u00df Art. 18 DSGVO die Einschr\u00e4nkung der Verarbeitung Ihrer personenbezogenen Daten zu verlangen.<\/p><\/li><li><p>Gem\u00e4\u00df Art. 20 DSGVO Ihre personenbezogenen Daten in einem strukturierten, g\u00e4ngigen und maschinenlesbaren Format zu erhalten.<\/p><\/li><li><p>Gem\u00e4\u00df Art. 77 DSGVO sich bei einer Aufsichtsbeh\u00f6rde zu beschweren.<\/p><\/li><\/ul><p><strong>6. Datensicherheit<\/strong> Wir verwenden innerhalb des Website-Besuchs das verbreitete SSL-Verfahren (Secure Socket Layer) in Verbindung mit der jeweils h\u00f6chsten Verschl\u00fcsselungsstufe, die von Ihrem Browser unterst\u00fctzt wird.<\/p><p><strong>7. Aktualit\u00e4t und \u00c4nderung dieser Datenschutzerkl\u00e4rung<\/strong> Diese Datenschutzerkl\u00e4rung ist aktuell g\u00fcltig und hat den Stand [Datum]. Durch die Weiterentwicklung unserer Website oder aufgrund ge\u00e4nderter gesetzlicher bzw. beh\u00f6rdlicher Vorgaben kann es notwendig werden, diese Datenschutzerkl\u00e4rung zu \u00e4ndern.<\/p><p>Sollten Sie Fragen zum Datenschutz haben, k\u00f6nnen Sie sich jederzeit unter der oben angegebenen Adresse an uns wenden.<\/p>\t\t\t\t\t\t\t\t<\/div>\n\t\t\t\t<\/div>\n\t\t\t\t\t<\/div>\n\t\t\t\t<\/div>\n\t\t\t\t<\/div>\n\t\t","protected":false},"excerpt":{"rendered":"<p>Datenschutzerkl\u00e4rung der Alpha Industrieservice GmbH 1. Allgemeine Hinweise und Pflichtinformationen Der Schutz Ihrer pers\u00f6nlichen Daten ist uns ein besonderes Anliegen. Wir behandeln Ihre personenbezogenen Daten vertraulich und entsprechend den gesetzlichen Datenschutzvorschriften sowie dieser Datenschutzerkl\u00e4rung. Verantwortliche Stelle: Alpha Industrieservice GmbH Albertstra\u00dfe 5 67227 Frankenthal Telefon: +49 6233 1210108 E-Mail: info@alphaindustrieservice.de 2. Erhebung und Speicherung personenbezogener Daten [&hellip;]<\/p>\n","protected":false},"author":1,"featured_media":0,"parent":0,"menu_order":0,"comment_status":"closed","ping_status":"closed","template":"template-homepage.php","meta":{"_joinchat":[],"footnotes":""},"class_list":["post-43","page","type-page","status-publish","hentry"],"_links":{"self":[{"href":"https:\/\/alphaindustrieservice.de\/index.php?rest_route=\/wp\/v2\/pages\/43","targetHints":{"allow":["GET"]}}],"collection":[{"href":"https:\/\/alphaindustrieservice.de\/index.php?rest_route=\/wp\/v2\/pages"}],"about":[{"href":"https:\/\/alphaindustrieservice.de\/index.php?rest_route=\/wp\/v2\/types\/page"}],"author":[{"embeddable":true,"href":"https:\/\/alphaindustrieservice.de\/index.php?rest_route=\/wp\/v2\/users\/1"}],"replies":[{"embeddable":true,"href":"https:\/\/alphaindustrieservice.de\/index.php?rest_route=%2Fwp%2Fv2%2Fcomments&post=43"}],"version-history":[{"count":4,"href":"https:\/\/alphaindustrieservice.de\/index.php?rest_route=\/wp\/v2\/pages\/43\/revisions"}],"predecessor-version":[{"id":8003,"href":"https:\/\/alphaindustrieservice.de\/index.php?rest_route=\/wp\/v2\/pages\/43\/revisions\/8003"}],"wp:attachment":[{"href":"https:\/\/alphaindustrieservice.de\/index.php?rest_route=%2Fwp%2Fv2%2Fmedia&parent=43"}],"curies":[{"name":"wp","href":"https:\/\/api.w.org\/{rel}","templated":true}]}}